{"id":135,"date":"2019-02-08T17:01:03","date_gmt":"2019-02-08T17:01:03","guid":{"rendered":"http:\/\/maja37.pl\/?page_id=135"},"modified":"2023-03-21T12:24:21","modified_gmt":"2023-03-21T12:24:21","slug":"w-okolicy","status":"publish","type":"page","link":"https:\/\/maja37.pl\/index.php\/w-okolicy\/","title":{"rendered":"W okolicy"},"content":{"rendered":"\n<p><strong>Przydatne informacje <\/strong><br><br>W Janowicach Wielkich znajduj\u0105 si\u0119 ( w nawiasie podajemy odleg\u0142o\u015b\u0107 od naszego obiektu): <br> &#8211; stacja kolejowa (0,6 km), <br> &#8211; przystanek komunikacji prywatnej &#8211; busy (0,6 km),<br>&#8211;  poczta (0,5 km), <br> &#8211; o\u015brodek zdrowia (0,7 km), <br> &#8211; apteka (0,85 km ), <br> &#8211; pizzeria (0,85 km), <br> &#8211; budka typu fastfood &#8211; kepab, pizza, gofry, sa\u0142atki (0,85 km)<br> &#8211; bar &#8211; czynny w okresie letnim (0,7 km), <br> &#8211; fryzjer (0,85 km), <br> &#8211; salon kosmetyczny (0,85 km), <br>&#8211;  sklep spo\u017cywczy (0,6 km), <br> &#8211; sklepik przemys\u0142owy (0,6 km), <br> &#8211; market Dino (0,75 km), <br> &#8211; hala sportowa z mo\u017cliwo\u015bci\u0105 wynajmu (1,5 km), <br> &#8211; kompleks boisk Orlik 2012 (1 km). <\/p>\n\n\n\n<p><strong>Atrakcje turystyczne<\/strong><br><br><strong>W  odleg\u0142o\u015bci <em> <\/em>do 10 km od Maja 37 znajduj\u0105 si\u0119 m.in:<\/strong><br>&#8211; Dolina Jan\u00f3wki ze stawami tartacznymi &#8211; 1,5 km (trasa piesza)<br>&#8211; Miedzianka z \u015bcie\u017ck\u0105 historyczno edukacyjn\u0105 i browarem &#8211; 2,2 km  <br>&#8211; Zamek Bolcz\u00f3w &#8211; 2,5 km (trasa piesza)<br>&#8211; Skalny Most i Piec &#8211; 3,4 km (trasa piesza) <br>&#8211; Wie\u017ca widokowa w Radomierzu &#8211; 4 km <br>&#8211; Staro\u015bci\u0144skie Ska\u0142y &#8211; 4,5 km (trasa piesza) <br>&#8211; Schronisko Szwajcarka &#8211; 5,5 km (1,5 km trasy pieszej) <br>&#8211; Sokolik i Krzy\u017cna G\u00f3ra &#8211; 6,5 km (1 km pieszo od Szchroniska Szwajcarka)<br>&#8211; Dolina Pa\u0142ac\u00f3w i Ogrod\u00f3w: Pa\u0142ac Wojan\u00f3w (9 km), Bobr\u00f3w (8 km), \u0141omnica (10 km), Zamek Karpniki (7 km)<br>&#8211; Park w Bukowcu &#8211; 10 km <br>&#8211; Skalnik &#8211; 10 km (trasa piesza)<br>&#8211; Kolorowe Jeziorka  &#8211; 10 km  <\/p>\n\n\n\n<p><strong>W odleg\u0142o\u015bci 11-20 km od Maja 37 znajduj\u0105 si\u0119 m.in:<\/strong><br>&#8211;  Park Miniatur Zabytk\u00f3w Dolnego \u015al\u0105ska w Kowarach &#8211; 16 km<br>&#8211;  Muzeum Karkonoskie w Jeleniej G\u00f3rze &#8211; 17 km <br>&#8211;  Time Gates &#8211; Bramy Czasu w Jeleniej G\u00f3rze &#8211; 17 km<br>&#8211;  Podziemia Arado w Kamiennej G\u00f3rze &#8211; 19 km <br> &#8211; Muzeum Tkactwa w Kamiennej G\u00f3rze &#8211; 18 km <br> &#8211; Western City w \u015aci\u0119gnach &#8211; 18 km <br> &#8211; Muzeum Zabawek w Karpaczu &#8211; 19 km <br> &#8211; Karkonoskie Tajemnice w Karpaczu &#8211; 20 km <br>&#8211; Sztolnie Kowary &#8211; 20 km <\/p>\n\n\n\n<p><strong>W odleg\u0142o\u015bci 21 &#8211; 30 km od Maja 37 znajduj\u0105 si\u0119 m.in:<\/strong><br> &#8211; Sudecka Zagroda Edukacyjna w Dobkowie &#8211; 22 km<br> &#8211; Zamek Bolk\u00f3w &#8211; 22 km <br> &#8211; Park Zdrojowy i Park Norweski w Cieplicach &#8211; 22 km<br> &#8211; Termy Cieplickie w Cieplicach &#8211; 23 km<br>&#8211; Wie\u017ca Rycerska w Siedl\u0119cinie &#8211; 23 km  <br> &#8211; Opactwo Cysters\u00f3w w Krzeszowie &#8211; 24 km <br> &#8211; Kopalnia Podg\u00f3rze w Kowarach &#8211; 26 km<br> &#8211; Zamek Chojnik &#8211; 26 km <br> &#8211; Huta Szk\u0142a Julia w Piechowicach- 30 km <\/p>\n","protected":false},"excerpt":{"rendered":"<p>Przydatne informacje W Janowicach Wielkich znajduj\u0105 si\u0119 ( w nawiasie podajemy odleg\u0142o\u015b\u0107 od naszego obiektu): &#8211; stacja kolejowa (0,6 km), &#8211; przystanek komunikacji prywatnej &#8211; busy (0,6 km),&#8211; poczta (0,5 km), &#8211; o\u015brodek zdrowia (0,7 km), &#8211; apteka (0,85 km ), &#8211; pizzeria (0,85 km), &#8211; budka typu fastfood &#8211; kepab, pizza, gofry, sa\u0142atki (0,85 &hellip; <a href=\"https:\/\/maja37.pl\/index.php\/w-okolicy\/\" class=\"more-link\">Czytaj dalej<span class=\"screen-reader-text\"> W okolicy<\/span><\/a><\/p>\n","protected":false},"author":1,"featured_media":0,"parent":0,"menu_order":0,"comment_status":"closed","ping_status":"closed","template":"","meta":[],"_links":{"self":[{"href":"https:\/\/maja37.pl\/index.php\/wp-json\/wp\/v2\/pages\/135"}],"collection":[{"href":"https:\/\/maja37.pl\/index.php\/wp-json\/wp\/v2\/pages"}],"about":[{"href":"https:\/\/maja37.pl\/index.php\/wp-json\/wp\/v2\/types\/page"}],"author":[{"embeddable":true,"href":"https:\/\/maja37.pl\/index.php\/wp-json\/wp\/v2\/users\/1"}],"replies":[{"embeddable":true,"href":"https:\/\/maja37.pl\/index.php\/wp-json\/wp\/v2\/comments?post=135"}],"version-history":[{"count":14,"href":"https:\/\/maja37.pl\/index.php\/wp-json\/wp\/v2\/pages\/135\/revisions"}],"predecessor-version":[{"id":683,"href":"https:\/\/maja37.pl\/index.php\/wp-json\/wp\/v2\/pages\/135\/revisions\/683"}],"wp:attachment":[{"href":"https:\/\/maja37.pl\/index.php\/wp-json\/wp\/v2\/media?parent=135"}],"curies":[{"name":"wp","href":"https:\/\/api.w.org\/{rel}","templated":true}]}}