{"id":137,"date":"2019-02-08T17:01:03","date_gmt":"2019-02-08T17:01:03","guid":{"rendered":"http:\/\/maja37.pl\/?page_id=137"},"modified":"2024-01-18T11:17:30","modified_gmt":"2024-01-18T11:17:30","slug":"cennik","status":"publish","type":"page","link":"https:\/\/maja37.pl\/index.php\/cennik\/","title":{"rendered":"Cennik"},"content":{"rendered":"\n<figure class=\"wp-block-table\"><table><tbody><tr><td><strong>Termin pobytu<\/strong><\/td><td><strong>Cena za dob<\/strong>\u0119 (do 5 os\u00f3b) <\/td><td><strong>Minimalna d\u0142ugo\u015b\u0107<br>pobytu<\/strong><\/td><\/tr><tr><td><strong>Weekend majowy<\/strong><\/td><td>450 z\u0142 <\/td><td>min. 4 doby<\/td><\/tr><tr><td><strong>Maj-czerwiec<\/strong><\/td><td>400 z\u0142<\/td><td>min. 3 doby<\/td><\/tr><tr><td><strong>Bo\u017ce Cia\u0142o<\/strong><\/td><td>450 z\u0142<\/td><td>min. 4 doby<br><\/td><\/tr><tr><td><strong>Wakacje :<\/strong><br><\/td><td>400 z\u0142<\/td><td>min. 5 d\u00f3b<br><\/td><\/tr><tr><td><strong>Wrzesie\u0144 \u2013 pa\u017adziernik<\/strong><\/td><td>400 z\u0142<\/td><td>min. 3 doby<\/td><\/tr><tr><td><strong>Wszystkich<\/strong><br><strong>\u015awi\u0119tych<\/strong><\/td><td>400  z\u0142<\/td><td>min. 3 doby<\/td><\/tr><tr><td><strong>Listopad \u2013 grudzie\u0144<\/strong><\/td><td>400  z\u0142<\/td><td>min. 3 doby<\/td><\/tr><tr><td><strong>Bo\u017ce Narodzenie<\/strong><br><\/td><td>550 z\u0142<\/td><td>min. 5 d\u00f3b<br><\/td><\/tr><tr><td><strong>Sylwester<\/strong><br><\/td><td>650 z\u0142<\/td><td>min. 5 d\u00f3b<\/td><\/tr><tr><td><strong>\u015awi\u0119to Trzech Kr\u00f3li<\/strong><\/td><td>500 z\u0142<\/td><td>min. 3 doby<br><\/td><\/tr><\/tbody><\/table><\/figure>\n\n\n\n<h6 class=\"has-text-align-left\">Op\u0142aty dodatkowe:<\/h6>\n\n\n\n<p>&#8211; Drewno na ognisko \u2013 40 z\u0142 (przy pobytach min. 4-dniowych drewno na jedno ognisko w cenie)<br>&#8211; Opata za pobyt zwierz\u0119cia \u2013 50 z\u0142 (jednorazowa op\u0142ata, niezale\u017cnie od d\u0142ugo\u015bci pobytu. P\u0142atna w formie darowizny na wskazan\u0105 organizacj\u0119 charytatywn\u0105)<\/p>\n\n\n\n<p>Przedstawiona oferta cenowa ma charakter &nbsp;informacyjny i nie stanowi oferty handlowej w rozumieniu Kodeksu Cywilnego<\/p>\n\n\n\n<p>Wa\u017cne informacje: <br>Doba hotelowa rozpoczyna si\u0119 o godz. 16:00&nbsp; w dniu przyjazdu i ko\u0144czy o godz. 11:00 w dniu wyjazdu. Wcze\u015bniejsze zakwaterowanie jest mo\u017cliwe w przypadku wcze\u015bniejszego uzgodnienia.<br>Warunkiem rezerwacji jest akceptacja regulaminu oraz &nbsp;wp\u0142ata zadatku w wysoko\u015bci 30 % koszt\u00f3w pobytu.<br>W apartamencie w godz. 22:00 \u2013 6:00 obowi\u0105zuje cisza nocna.<br>W apartamencie obowi\u0105zuje ca\u0142kowity zakaz palenia poza wyznaczonymi miejscami.<br><br><\/p>\n\n\n\n<p><\/p>\n\n\n\n<p><\/p>\n\n\n\n<p><\/p>\n","protected":false},"excerpt":{"rendered":"<p>Termin pobytu Cena za dob\u0119 (do 5 os\u00f3b) Minimalna d\u0142ugo\u015b\u0107pobytu Weekend majowy 450 z\u0142 min. 4 doby Maj-czerwiec 400 z\u0142 min. 3 doby Bo\u017ce Cia\u0142o 450 z\u0142 min. 4 doby Wakacje : 400 z\u0142 min. 5 d\u00f3b Wrzesie\u0144 \u2013 pa\u017adziernik 400 z\u0142 min. 3 doby Wszystkich\u015awi\u0119tych 400 z\u0142 min. 3 doby Listopad \u2013 grudzie\u0144 400 &hellip; <a href=\"https:\/\/maja37.pl\/index.php\/cennik\/\" class=\"more-link\">Czytaj dalej<span class=\"screen-reader-text\"> Cennik<\/span><\/a><\/p>\n","protected":false},"author":1,"featured_media":0,"parent":0,"menu_order":0,"comment_status":"closed","ping_status":"closed","template":"","meta":[],"_links":{"self":[{"href":"https:\/\/maja37.pl\/index.php\/wp-json\/wp\/v2\/pages\/137"}],"collection":[{"href":"https:\/\/maja37.pl\/index.php\/wp-json\/wp\/v2\/pages"}],"about":[{"href":"https:\/\/maja37.pl\/index.php\/wp-json\/wp\/v2\/types\/page"}],"author":[{"embeddable":true,"href":"https:\/\/maja37.pl\/index.php\/wp-json\/wp\/v2\/users\/1"}],"replies":[{"embeddable":true,"href":"https:\/\/maja37.pl\/index.php\/wp-json\/wp\/v2\/comments?post=137"}],"version-history":[{"count":51,"href":"https:\/\/maja37.pl\/index.php\/wp-json\/wp\/v2\/pages\/137\/revisions"}],"predecessor-version":[{"id":688,"href":"https:\/\/maja37.pl\/index.php\/wp-json\/wp\/v2\/pages\/137\/revisions\/688"}],"wp:attachment":[{"href":"https:\/\/maja37.pl\/index.php\/wp-json\/wp\/v2\/media?parent=137"}],"curies":[{"name":"wp","href":"https:\/\/api.w.org\/{rel}","templated":true}]}}