{"id":420,"date":"2020-10-22T15:34:21","date_gmt":"2020-10-22T15:34:21","guid":{"rendered":"http:\/\/maja37.pl\/?page_id=420"},"modified":"2021-05-24T11:30:40","modified_gmt":"2021-05-24T11:30:40","slug":"uslugi-przewodnickie","status":"publish","type":"page","link":"https:\/\/maja37.pl\/index.php\/uslugi-przewodnickie\/","title":{"rendered":"US\u0141UGI PRZEWODNICKIE"},"content":{"rendered":"\n<p class=\"has-text-align-center has-medium-font-size\"><strong>Zapraszam na wsp\u00f3ln\u0105 w\u0119dr\u00f3wk\u0119 po Rudawach Janowickich !<\/strong><\/p>\n\n\n\n<div class=\"wp-block-image is-style-rounded\"><figure class=\"aligncenter size-medium\"><img loading=\"lazy\" width=\"300\" height=\"225\" src=\"http:\/\/maja37.pl\/wp-content\/uploads\/2021\/05\/przewodnik.rudawy.janowickie-300x225.jpg\" alt=\"\" class=\"wp-image-578\" srcset=\"https:\/\/maja37.pl\/wp-content\/uploads\/2021\/05\/przewodnik.rudawy.janowickie-300x225.jpg 300w, https:\/\/maja37.pl\/wp-content\/uploads\/2021\/05\/przewodnik.rudawy.janowickie-1024x768.jpg 1024w, https:\/\/maja37.pl\/wp-content\/uploads\/2021\/05\/przewodnik.rudawy.janowickie-768x576.jpg 768w, https:\/\/maja37.pl\/wp-content\/uploads\/2021\/05\/przewodnik.rudawy.janowickie-1536x1152.jpg 1536w, https:\/\/maja37.pl\/wp-content\/uploads\/2021\/05\/przewodnik.rudawy.janowickie-1200x900.jpg 1200w, https:\/\/maja37.pl\/wp-content\/uploads\/2021\/05\/przewodnik.rudawy.janowickie.jpg 1632w\" sizes=\"(max-width: 300px) 85vw, 300px\" \/><\/figure><\/div>\n\n\n\n<p><br><strong>Ze mn\u0105:<\/strong><\/p>\n\n\n\n<ul><li>lepiej poznasz Rudawy Janowickie i okolice,<\/li><li>odkryjesz mniej znane ich zak\u0105tki,<\/li><li>poznasz niebanalne historie ludzi i miejsc,<\/li><li>dostrze\u017cesz unikalno\u015b\u0107 tego co zwyk\u0142e i pospolite<\/li><li>poczujesz wyj\u0105tkowy klimat g\u00f3rskich opowie\u015bci<\/li><\/ul>\n\n\n\n<p class=\"has-text-align-center has-medium-font-size\"><strong>Jestem licencjonowanym Przewodnikiem Sudeckim<\/strong><\/p>\n\n\n\n<p><strong>Przyk\u0142adowe propozycje wycieczek:<\/strong><br>&#8211; Biust Lolobrygidy czyli atrakcje G\u00f3r Sokolich<br>&#8211; Zamek Bolcz\u00f3w &#8211; \u015bredniowieczna historia w \u015brodku lasu<br>&#8211; Skalny \u015bwiat Rudaw Janowickich<br>&#8211; Zaginione miejsca Janowic Wielkich<br>&#8211; Kolorowe Jeziorka &#8211; barwny cud natury<br>&#8211; Kr\u00f3lewskie \u015blady w Dolinie Pa\u0142ac\u00f3w i Ogrod\u00f3w<\/p>\n\n\n\n<p><strong>Kontakt:<\/strong><br>Alicja Kozak-Halota<br>tel. 609 335 773<br>e-mail: biuro@maja37.pl<\/p>\n\n\n\n<div class=\"wp-block-image is-style-rounded\"><figure class=\"aligncenter size-medium\"><img loading=\"lazy\" width=\"300\" height=\"200\" src=\"http:\/\/maja37.pl\/wp-content\/uploads\/2020\/07\/panorama1-300x200.jpg\" alt=\"\" class=\"wp-image-378\" srcset=\"https:\/\/maja37.pl\/wp-content\/uploads\/2020\/07\/panorama1-300x200.jpg 300w, https:\/\/maja37.pl\/wp-content\/uploads\/2020\/07\/panorama1-768x512.jpg 768w, https:\/\/maja37.pl\/wp-content\/uploads\/2020\/07\/panorama1-1024x682.jpg 1024w, https:\/\/maja37.pl\/wp-content\/uploads\/2020\/07\/panorama1-1200x800.jpg 1200w, https:\/\/maja37.pl\/wp-content\/uploads\/2020\/07\/panorama1.jpg 1970w\" sizes=\"(max-width: 300px) 85vw, 300px\" \/><\/figure><\/div>\n","protected":false},"excerpt":{"rendered":"<p>Zapraszam na wsp\u00f3ln\u0105 w\u0119dr\u00f3wk\u0119 po Rudawach Janowickich ! Ze mn\u0105: lepiej poznasz Rudawy Janowickie i okolice, odkryjesz mniej znane ich zak\u0105tki, poznasz niebanalne historie ludzi i miejsc, dostrze\u017cesz unikalno\u015b\u0107 tego co zwyk\u0142e i pospolite poczujesz wyj\u0105tkowy klimat g\u00f3rskich opowie\u015bci Jestem licencjonowanym Przewodnikiem Sudeckim Przyk\u0142adowe propozycje wycieczek:&#8211; Biust Lolobrygidy czyli atrakcje G\u00f3r Sokolich&#8211; Zamek Bolcz\u00f3w &#8211; &hellip; <a href=\"https:\/\/maja37.pl\/index.php\/uslugi-przewodnickie\/\" class=\"more-link\">Czytaj dalej<span class=\"screen-reader-text\"> US\u0141UGI PRZEWODNICKIE<\/span><\/a><\/p>\n","protected":false},"author":1,"featured_media":0,"parent":0,"menu_order":0,"comment_status":"closed","ping_status":"closed","template":"","meta":[],"_links":{"self":[{"href":"https:\/\/maja37.pl\/index.php\/wp-json\/wp\/v2\/pages\/420"}],"collection":[{"href":"https:\/\/maja37.pl\/index.php\/wp-json\/wp\/v2\/pages"}],"about":[{"href":"https:\/\/maja37.pl\/index.php\/wp-json\/wp\/v2\/types\/page"}],"author":[{"embeddable":true,"href":"https:\/\/maja37.pl\/index.php\/wp-json\/wp\/v2\/users\/1"}],"replies":[{"embeddable":true,"href":"https:\/\/maja37.pl\/index.php\/wp-json\/wp\/v2\/comments?post=420"}],"version-history":[{"count":8,"href":"https:\/\/maja37.pl\/index.php\/wp-json\/wp\/v2\/pages\/420\/revisions"}],"predecessor-version":[{"id":583,"href":"https:\/\/maja37.pl\/index.php\/wp-json\/wp\/v2\/pages\/420\/revisions\/583"}],"wp:attachment":[{"href":"https:\/\/maja37.pl\/index.php\/wp-json\/wp\/v2\/media?parent=420"}],"curies":[{"name":"wp","href":"https:\/\/api.w.org\/{rel}","templated":true}]}}