{"id":44,"date":"2019-02-08T13:20:11","date_gmt":"2019-02-08T13:20:11","guid":{"rendered":"http:\/\/maja37.pl\/?page_id=44"},"modified":"2022-04-11T09:52:59","modified_gmt":"2022-04-11T09:52:59","slug":"strona-glowna","status":"publish","type":"page","link":"https:\/\/maja37.pl\/","title":{"rendered":"Maja 37 &#8211;  dom w g\u00f3rach"},"content":{"rendered":"\n<p class=\"has-text-align-center\"><strong>Zapraszamy na  Dolny \u015al\u0105sk. Nasz dom znajduje si\u0119 w miejscowo\u015bci Janowice Wielkie (pasmo g\u00f3rskie Rudawy Janowickie), tu\u017c przy granicy Rudawskiego Parku Krajobrazowego. Blisko&nbsp;Karpacz,&nbsp;Szklarska&nbsp;Por\u0119ba,Jelenia G\u00f3ra.&nbsp;<\/strong><\/p>\n\n\n\n<p class=\"has-text-align-center\"><strong>Po\u0142o\u017cony na uboczu, w\u015br\u00f3d zieleni, blisko przyrody, pozwala naszym go\u015bciom na komfortowy wypoczynek. <\/strong><\/p>\n\n\n\n<p class=\"has-text-align-center\"><strong>Przestronne wn\u0119trze (apartament)  z dwiema sypialniami, pokojem dziennym z aneksem kuchennym i kominkiem,  zapewni komfort wypoczynku. Teren przy domu z altan\u0105, hu\u015btawk\u0105, mini placem zabaw, miejscem na ognisko da mo\u017cliwo\u015b\u0107 odpoczynku po g\u00f3rskich wyprawach. <\/strong><\/p>\n\n\n\n<p class=\"has-text-align-center\"><strong>Du\u017co zieleni, \u015bpiew ptak\u00f3w, nocne rozgwie\u017cd\u017cone niebo dodajemy <\/strong><br><strong>w gratisie! <\/strong><\/p>\n\n\n\n<p class=\"has-text-align-center\"><strong>Maja 37 to dobre miejsce na urlop  w otoczeniu natury z dala od zgie\u0142ku codzienno\u015bci !<\/strong><\/p>\n","protected":false},"excerpt":{"rendered":"<p>Zapraszamy na Dolny \u015al\u0105sk. Nasz dom znajduje si\u0119 w miejscowo\u015bci Janowice Wielkie (pasmo g\u00f3rskie Rudawy Janowickie), tu\u017c przy granicy Rudawskiego Parku Krajobrazowego. Blisko&nbsp;Karpacz,&nbsp;Szklarska&nbsp;Por\u0119ba,Jelenia G\u00f3ra.&nbsp; Po\u0142o\u017cony na uboczu, w\u015br\u00f3d zieleni, blisko przyrody, pozwala naszym go\u015bciom na komfortowy wypoczynek. Przestronne wn\u0119trze (apartament) z dwiema sypialniami, pokojem dziennym z aneksem kuchennym i kominkiem, zapewni komfort wypoczynku. Teren przy &hellip; <a href=\"https:\/\/maja37.pl\/\" class=\"more-link\">Czytaj dalej<span class=\"screen-reader-text\"> Maja 37 &#8211;  dom w g\u00f3rach<\/span><\/a><\/p>\n","protected":false},"author":1,"featured_media":311,"parent":0,"menu_order":1,"comment_status":"closed","ping_status":"closed","template":"","meta":[],"_links":{"self":[{"href":"https:\/\/maja37.pl\/index.php\/wp-json\/wp\/v2\/pages\/44"}],"collection":[{"href":"https:\/\/maja37.pl\/index.php\/wp-json\/wp\/v2\/pages"}],"about":[{"href":"https:\/\/maja37.pl\/index.php\/wp-json\/wp\/v2\/types\/page"}],"author":[{"embeddable":true,"href":"https:\/\/maja37.pl\/index.php\/wp-json\/wp\/v2\/users\/1"}],"replies":[{"embeddable":true,"href":"https:\/\/maja37.pl\/index.php\/wp-json\/wp\/v2\/comments?post=44"}],"version-history":[{"count":13,"href":"https:\/\/maja37.pl\/index.php\/wp-json\/wp\/v2\/pages\/44\/revisions"}],"predecessor-version":[{"id":634,"href":"https:\/\/maja37.pl\/index.php\/wp-json\/wp\/v2\/pages\/44\/revisions\/634"}],"wp:featuredmedia":[{"embeddable":true,"href":"https:\/\/maja37.pl\/index.php\/wp-json\/wp\/v2\/media\/311"}],"wp:attachment":[{"href":"https:\/\/maja37.pl\/index.php\/wp-json\/wp\/v2\/media?parent=44"}],"curies":[{"name":"wp","href":"https:\/\/api.w.org\/{rel}","templated":true}]}}