{"id":45,"date":"2019-02-08T13:20:11","date_gmt":"2019-02-08T13:20:11","guid":{"rendered":"http:\/\/maja37.pl\/?page_id=45"},"modified":"2023-03-27T08:35:51","modified_gmt":"2023-03-27T08:35:51","slug":"o-nas","status":"publish","type":"page","link":"https:\/\/maja37.pl\/index.php\/o-nas\/","title":{"rendered":"O nas"},"content":{"rendered":"\n<p><\/p>\n\n\n\n<p class=\"has-text-align-center\"><strong>Zapraszamy na wypoczynek w przestronnym apartamencie <\/strong><br><strong>w malowniczych g\u00f3rach &#8211;  Rudawach Janowickich! <\/strong><\/p>\n\n\n\n<p class=\"has-text-align-center\"><\/p>\n\n\n\n<p class=\"has-text-align-center\">Nasz domek po\u0142o\u017cony jest<strong> z dala od g\u0142\u00f3wnej drogi<\/strong>, w otoczeniu p\u00f3l i lasu. <\/p>\n\n\n\n<p class=\"has-text-align-center\">Do dyspozycji go\u015bci mamy <strong>przestronne wn\u0119trze<\/strong> sk\u0142adaj\u0105ce si\u0119 z dw\u00f3ch pokoi (dwu- i trzyosobowego) \u0142azienki oraz pokoju dziennego z wyposa\u017conym aneksem kuchennym i elektrycznym kominkiem.<\/p>\n\n\n\n<p class=\"has-text-align-center\">Na <strong>wyposa\u017cenie kuchni <\/strong>sk\u0142adaj\u0105 si\u0119: naczynia, sztu\u0107ce, dwupalnikowa kuchenka elektryczna, ch\u0142odziarko-zamra\u017carka, czajnik elektryczny, ekspres do kawy, toster, p\u0142yn do naczy\u0144, \u015bciereczka i g\u0105bka do naczy\u0144.<\/p>\n\n\n\n<p class=\"has-text-align-center\">Na wyposa\u017ceniu apartamentu r\u00f3wnie\u017c <strong>suszarka do w\u0142os\u00f3w, \u017celazko, deska do prasowania.<\/strong><\/p>\n\n\n\n<p class=\"has-text-align-center\">W pokoju dziennym znajduje si\u0119 <strong>telewizor<\/strong>, znajdziesz u nas r\u00f3wnie\u017c <strong>biblioteczk\u0119<\/strong> z ciekawymi tytu\u0142ami,  <strong>materia\u0142y promocyjn<\/strong>e (Rudawy Janowickie, Karkonosze) oraz <strong>gry planszowe<\/strong>.<\/p>\n\n\n\n<p class=\"has-text-align-center\">Oferujemy r\u00f3wnie\u017c bezp\u0142atny <strong>dost\u0119p do Internetu<\/strong>. Pok\u00f3j trzyosobowy oraz pok\u00f3j dzienny posiadaj\u0105 <strong>balkon<\/strong>. <\/p>\n\n\n\n<p class=\"has-text-align-center\"><strong>Udogodnienia dla dzieci<\/strong>: \u0142\u00f3\u017ceczko turystyczne (na \u017cyczenie), krzese\u0142ko do karmienia (na \u017cyczenie), wanienka (na \u017cyczenie), nocnik, podn\u00f3\u017cek \u0142azienkowy, zestaw naczy\u0144 (sztu\u0107ce, miseczka, talerzyk), dwie sztuki sanek. <\/p>\n\n\n\n<p class=\"has-text-align-center\">Przy domu znajduje si\u0119 <strong>altana<\/strong>, gdzie mo\u017cna odpocz\u0105\u0107 po wyczerpuj\u0105cych w\u0119dr\u00f3wkach, <strong>miejsce na ognisko<\/strong> oraz <strong>hu\u015btawka&nbsp;<\/strong>i<strong>&nbsp;mini&nbsp;plac&nbsp;zabaw&nbsp;(dwie&nbsp;hu\u015btawki,&nbsp;zje\u017cd\u017calnia,&nbsp;drabinka)<\/strong>.<\/p>\n\n\n\n<p class=\"has-text-align-center\">Teren jest ogrodzony; <strong>miejsce parkingowe<\/strong> na posesji.<\/p>\n\n\n\n<p class=\"has-text-align-center\"><strong>Blisko\u015b\u0107 szlak\u00f3w turystycznych<\/strong>, prowadz\u0105cych m.in na Zamek Bolcz\u00f3w, Kolorowe Jeziorka, Staro\u015bci\u0144skie Ska\u0142y, Piec, Skalny Most, Sokolik i Krzy\u017cn\u0105 G\u00f3r\u0119, sprawia, \u017ce wystarczy zaledwie kilka minut by m\u00f3c wkroczy\u0107 na wytyczon\u0105 tras\u0119 i odkrywa\u0107 pi\u0119kno naszej okolicy. To idealne miejsce na rodzinne wyprawy o ka\u017cdej porze roku. Warto r\u00f3wnie\u017c zabra\u0107 ze sob\u0105 dwa k\u00f3\u0142ka. Czekaj\u0105 na was liczne <strong>trasy rowerowe<\/strong>, o zr\u00f3\u017cnicowanym stopniu trudno\u015bci. <\/p>\n\n\n\n<p class=\"has-text-align-center\">Rudawy Janowickie s\u0105 wymarzonym terenem do uprawiania <strong>wspinaczki ska\u0142kowej.<\/strong> Tu swoje pierwsze kroki stawia\u0142a m.in. s\u0142ynna polska himalaistka Wanda Rutkiewicz.<\/p>\n\n\n\n<p class=\"has-text-align-center\">W odleg\u0142o\u015bci kilkudziesi\u0119ciu metr\u00f3w od domu znajduje si\u0119 <strong>teren rekreacyjny z zewn\u0119trzn\u0105 si\u0142owni\u0105<\/strong>, sto\u0142em do tenisa, plansz\u0105 do gry w szachy i chi\u0144czyka oraz boiskiem do gry w bule, a kawa\u0142ek dalej &#8211;<strong> plac zabaw<\/strong> i boisko do gry w siatk\u00f3wk\u0119.<\/p>\n\n\n\n<p class=\"has-text-align-center\">W Miedziance &#8211; s\u0105siedniej miejscowo\u015bci, kt\u00f3r\u0105 dla \u015bwiata odkry\u0142 w swojej ksi\u0105\u017cce &#8222;Miedzianka historia znikania&#8221; Filip Springer &#8211; mo\u017cna napi\u0107 si\u0119 w browarze <strong>lokalnego piwa<\/strong>. <\/p>\n\n\n\n<p class=\"has-text-align-center\">Janowice Wielkie to doskona\u0142a baza wypadowa. W odleg\u0142o\u015bci kilkunastu min. znajdziemy takie pere\u0142ki jak  Dolina Pa\u0142ac\u00f3w i Ogrod\u00f3w, Kolorowe Jeziorka, Jelenia G\u00f3ra (Termy Cieplickie)  Karpacz , Karkonosze, Kowary (Park Miniatur Dolnego \u015al\u0105ska, dawne sztolnie uranu)  <\/p>\n\n\n\n<p class=\"has-text-align-center\">W bliskiej odleg\u0142o\u015bci znajduj\u0105 si\u0119 <strong>o\u015brodki narciarskie<\/strong>: Karpacz, Czarn\u00f3w, Stru\u017cnica, \u0141ysa G\u00f3ra w Dziwiszowie. Do Jakuszyc &#8211; krajowego centrum narciarstwa biegowego mo\u017cna dojecha\u0107 poci\u0105giem.<\/p>\n\n\n\n<p class=\"has-text-align-center\">Zaledwie 10 km od Janowic Wielkich w Pa\u0142acu Wojan\u00f3w dzia\u0142a <strong>kryty basen<\/strong><\/p>\n\n\n\n<p class=\"has-text-align-center\">Gospodarzami s\u0105 u nas zwierz\u0119ta \u2013 pies Rubik oraz koty: R\u00f3zga i Rokita.<\/p>\n\n\n\n<p class=\"has-text-align-center\">W mieszkaniu obowi\u0105zuje ca\u0142kowity zakaz palenia, poza wyznaczonymi miejscami na obu balkonach.<\/p>\n\n\n\n<p class=\"has-text-align-center\"> Akceptujemy (za dodatkow\u0105 op\u0142at\u0105) pobyt z niekt\u00f3ymi zwierz\u0119tami.<\/p>\n\n\n\n<p class=\"has-text-align-center\">Doba rozpoczyna si\u0119 o godz. 16 w dniu przyjazdu i ko\u0144czy o godz. 11 w dniu wyjazdu. Wcze\u015bniejszy przyjazd i p\u00f3\u017aniejszy wyjazd mo\u017cliwe po uzgodnieniu. <\/p>\n\n\n\n<p class=\"has-text-align-center\">Cena uzale\u017cniona jest od terminu i liczby os\u00f3b. <\/p>\n","protected":false},"excerpt":{"rendered":"<p>Zapraszamy na wypoczynek w przestronnym apartamencie w malowniczych g\u00f3rach &#8211; Rudawach Janowickich! Nasz domek po\u0142o\u017cony jest z dala od g\u0142\u00f3wnej drogi, w otoczeniu p\u00f3l i lasu. Do dyspozycji go\u015bci mamy przestronne wn\u0119trze sk\u0142adaj\u0105ce si\u0119 z dw\u00f3ch pokoi (dwu- i trzyosobowego) \u0142azienki oraz pokoju dziennego z wyposa\u017conym aneksem kuchennym i elektrycznym kominkiem. Na wyposa\u017cenie kuchni sk\u0142adaj\u0105 &hellip; <a href=\"https:\/\/maja37.pl\/index.php\/o-nas\/\" class=\"more-link\">Czytaj dalej<span class=\"screen-reader-text\"> O nas<\/span><\/a><\/p>\n","protected":false},"author":1,"featured_media":50,"parent":0,"menu_order":0,"comment_status":"closed","ping_status":"closed","template":"","meta":[],"_links":{"self":[{"href":"https:\/\/maja37.pl\/index.php\/wp-json\/wp\/v2\/pages\/45"}],"collection":[{"href":"https:\/\/maja37.pl\/index.php\/wp-json\/wp\/v2\/pages"}],"about":[{"href":"https:\/\/maja37.pl\/index.php\/wp-json\/wp\/v2\/types\/page"}],"author":[{"embeddable":true,"href":"https:\/\/maja37.pl\/index.php\/wp-json\/wp\/v2\/users\/1"}],"replies":[{"embeddable":true,"href":"https:\/\/maja37.pl\/index.php\/wp-json\/wp\/v2\/comments?post=45"}],"version-history":[{"count":17,"href":"https:\/\/maja37.pl\/index.php\/wp-json\/wp\/v2\/pages\/45\/revisions"}],"predecessor-version":[{"id":685,"href":"https:\/\/maja37.pl\/index.php\/wp-json\/wp\/v2\/pages\/45\/revisions\/685"}],"wp:featuredmedia":[{"embeddable":true,"href":"https:\/\/maja37.pl\/index.php\/wp-json\/wp\/v2\/media\/50"}],"wp:attachment":[{"href":"https:\/\/maja37.pl\/index.php\/wp-json\/wp\/v2\/media?parent=45"}],"curies":[{"name":"wp","href":"https:\/\/api.w.org\/{rel}","templated":true}]}}