{"id":713,"date":"2025-04-18T10:48:19","date_gmt":"2025-04-18T10:48:19","guid":{"rendered":"https:\/\/maja37.pl\/?page_id=713"},"modified":"2025-04-18T11:13:15","modified_gmt":"2025-04-18T11:13:15","slug":"zlota-praga","status":"publish","type":"page","link":"https:\/\/maja37.pl\/index.php\/zlota-praga\/","title":{"rendered":"Z\u0142ota Praga"},"content":{"rendered":"\n<p>Szczeg\u00f3\u0142y wkr\u00f3tce!<\/p>\n","protected":false},"excerpt":{"rendered":"<p>Szczeg\u00f3\u0142y wkr\u00f3tce!<\/p>\n","protected":false},"author":1,"featured_media":0,"parent":0,"menu_order":0,"comment_status":"closed","ping_status":"closed","template":"","meta":[],"_links":{"self":[{"href":"https:\/\/maja37.pl\/index.php\/wp-json\/wp\/v2\/pages\/713"}],"collection":[{"href":"https:\/\/maja37.pl\/index.php\/wp-json\/wp\/v2\/pages"}],"about":[{"href":"https:\/\/maja37.pl\/index.php\/wp-json\/wp\/v2\/types\/page"}],"author":[{"embeddable":true,"href":"https:\/\/maja37.pl\/index.php\/wp-json\/wp\/v2\/users\/1"}],"replies":[{"embeddable":true,"href":"https:\/\/maja37.pl\/index.php\/wp-json\/wp\/v2\/comments?post=713"}],"version-history":[{"count":2,"href":"https:\/\/maja37.pl\/index.php\/wp-json\/wp\/v2\/pages\/713\/revisions"}],"predecessor-version":[{"id":723,"href":"https:\/\/maja37.pl\/index.php\/wp-json\/wp\/v2\/pages\/713\/revisions\/723"}],"wp:attachment":[{"href":"https:\/\/maja37.pl\/index.php\/wp-json\/wp\/v2\/media?parent=713"}],"curies":[{"name":"wp","href":"https:\/\/api.w.org\/{rel}","templated":true}]}}