{"id":716,"date":"2025-04-18T10:58:20","date_gmt":"2025-04-18T10:58:20","guid":{"rendered":"https:\/\/maja37.pl\/?page_id=716"},"modified":"2025-04-18T11:12:33","modified_gmt":"2025-04-18T11:12:33","slug":"drezno-saksonska-perla-baroku","status":"publish","type":"page","link":"https:\/\/maja37.pl\/index.php\/drezno-saksonska-perla-baroku\/","title":{"rendered":"Drezno &#8211; sakso\u0144ska per\u0142a baroku"},"content":{"rendered":"\n<p>Szczeg\u00f3\u0142y wkr\u00f3tce!<\/p>\n","protected":false},"excerpt":{"rendered":"<p>Szczeg\u00f3\u0142y wkr\u00f3tce!<\/p>\n","protected":false},"author":1,"featured_media":0,"parent":0,"menu_order":0,"comment_status":"closed","ping_status":"closed","template":"","meta":[],"_links":{"self":[{"href":"https:\/\/maja37.pl\/index.php\/wp-json\/wp\/v2\/pages\/716"}],"collection":[{"href":"https:\/\/maja37.pl\/index.php\/wp-json\/wp\/v2\/pages"}],"about":[{"href":"https:\/\/maja37.pl\/index.php\/wp-json\/wp\/v2\/types\/page"}],"author":[{"embeddable":true,"href":"https:\/\/maja37.pl\/index.php\/wp-json\/wp\/v2\/users\/1"}],"replies":[{"embeddable":true,"href":"https:\/\/maja37.pl\/index.php\/wp-json\/wp\/v2\/comments?post=716"}],"version-history":[{"count":2,"href":"https:\/\/maja37.pl\/index.php\/wp-json\/wp\/v2\/pages\/716\/revisions"}],"predecessor-version":[{"id":722,"href":"https:\/\/maja37.pl\/index.php\/wp-json\/wp\/v2\/pages\/716\/revisions\/722"}],"wp:attachment":[{"href":"https:\/\/maja37.pl\/index.php\/wp-json\/wp\/v2\/media?parent=716"}],"curies":[{"name":"wp","href":"https:\/\/api.w.org\/{rel}","templated":true}]}}